{"id":14956,"date":"2024-03-27T10:58:38","date_gmt":"2024-03-27T15:58:38","guid":{"rendered":"https:\/\/www.bctq.ca\/?page_id=14956"},"modified":"2024-03-27T10:58:40","modified_gmt":"2024-03-27T15:58:40","slug":"politique-de-cookies-2","status":"publish","type":"page","link":"https:\/\/www.bctq.ca\/fr\/politique-de-cookies-2\/","title":{"rendered":"Politique de cookies"},"content":{"rendered":"\n<p><strong>POLITIQUE DE COOKIES DU BUREAU DU CIN\u00c9MA ET DE LA T\u00c9L\u00c9VISION DU QU\u00c9BEC<\/strong><\/p>\n\n\n\n<p>Date d&rsquo;entr\u00e9e en vigueur : 20 mars 2024<\/p>\n\n\n\n<p>Le Bureau du cin\u00e9ma et de la t\u00e9l\u00e9vision du Qu\u00e9bec (BCTQ) utilise des cookies sur son site web afin d&rsquo;am\u00e9liorer l&rsquo;exp\u00e9rience des utilisateurs. Cette politique de cookies explique comment nous utilisons ces technologies et fournit des informations sur les choix que vous avez concernant leur utilisation.<\/p>\n\n\n\n<p><strong>QU&rsquo;EST-CE QU&rsquo;UN COOKIE ?<\/strong><\/p>\n\n\n\n<p>Un cookie est un petit fichier texte qui est stock\u00e9 sur votre ordinateur ou tout autre appareil lorsque vous visitez un site web. Il permet au site de se souvenir de vos actions et pr\u00e9f\u00e9rences (telles que la langue pr\u00e9f\u00e9r\u00e9e, la taille de la police, et d&rsquo;autres param\u00e8tres d&rsquo;affichage) sur une p\u00e9riode donn\u00e9e, afin que vous n&rsquo;ayez pas \u00e0 les saisir \u00e0 nouveau lorsque vous revenez sur le site ou naviguez entre ses pages.<\/p>\n\n\n\n<p><strong>COMMENT UTILISONS-NOUS LES COOKIES ?<\/strong><\/p>\n\n\n\n<p>Nous utilisons des cookies pour diverses raisons, notamment :<\/p>\n\n\n\n<p><strong>Am\u00e9lioration de l&rsquo;exp\u00e9rience utilisateur<\/strong> : Les cookies nous aident \u00e0 personnaliser votre exp\u00e9rience sur notre site en m\u00e9morisant vos pr\u00e9f\u00e9rences et en vous proposant du contenu pertinent.<\/p>\n\n\n\n<p><strong>Analyse et statistiques :<\/strong> Nous utilisons des cookies pour collecter des donn\u00e9es analytiques sur la mani\u00e8re dont les utilisateurs interagissent avec notre site, afin d&rsquo;am\u00e9liorer constamment nos services et de mieux comprendre les besoins de notre audience.<\/p>\n\n\n\n<p><strong>Publicit\u00e9 cibl\u00e9e :<\/strong> Nous pouvons utiliser des cookies pour diffuser des publicit\u00e9s plus pertinentes pour vous et pour mesurer l&rsquo;efficacit\u00e9 de nos campagnes publicitaires.<\/p>\n\n\n\n<p><strong>TYPES DE COOKIES UTILIS\u00c9S SUR NOTRE SITE WEB<\/strong><\/p>\n\n\n\n<p><strong>Cookies essentiels :<\/strong> Ces cookies sont n\u00e9cessaires au bon fonctionnement du site. Ils vous permettent de naviguer sur le site et d&rsquo;utiliser ses fonctionnalit\u00e9s de base.<\/p>\n\n\n\n<p><strong>Cookies de performance :<\/strong> Ces cookies collectent des informations sur la mani\u00e8re dont les visiteurs utilisent notre site, par exemple, quelles pages sont les plus consult\u00e9es. Ces donn\u00e9es nous aident \u00e0 am\u00e9liorer la performance du site.<\/p>\n\n\n\n<p><strong>Cookies de fonctionnalit\u00e9 :<\/strong> Ces cookies permettent au site de m\u00e9moriser vos choix (comme la langue pr\u00e9f\u00e9r\u00e9e) pour vous offrir une exp\u00e9rience plus personnalis\u00e9e.<\/p>\n\n\n\n<p><strong>Cookies de publicit\u00e9 :<\/strong> Nous pouvons utiliser des cookies pour diffuser des annonces publicitaires qui sont pertinentes pour vous.<\/p>\n\n\n\n<p><strong>CONSENTEMENT \u00c0 L&rsquo;UTILISATION DES COOKIES<\/strong><\/p>\n\n\n\n<p>En utilisant notre site web, vous consentez \u00e0 l&rsquo;utilisation des cookies conform\u00e9ment \u00e0 la pr\u00e9sente politique. Si vous ne souhaitez pas accepter certains types de cookies, vous pouvez ajuster les param\u00e8tres de votre navigateur pour les refuser.<\/p>\n\n\n\n<p><strong>GESTION DES COOKIES<\/strong><\/p>\n\n\n\n<p>Vous pouvez g\u00e9n\u00e9ralement g\u00e9rer et supprimer les cookies via les param\u00e8tres de votre navigateur. Cependant, veuillez noter que la d\u00e9sactivation des cookies peut affecter certaines fonctionnalit\u00e9s du site.<\/p>\n\n\n\n<p><strong>MODIFICATION DE NOTRE POLITIQUE DE COOKIES<\/strong><\/p>\n\n\n\n<p>Nous nous r\u00e9servons le droit de mettre \u00e0 jour cette politique de cookies pour refl\u00e9ter les changements dans notre utilisation des cookies ou les \u00e9volutions l\u00e9gislatives. Toute modification entrera en vigueur d\u00e8s sa publication sur notre site.<\/p>\n\n\n\n<p><strong>CONTACT<\/strong><\/p>\n\n\n\n<p>Si vous avez des questions concernant notre politique de cookies, veuillez nous contacter \u00e0 l&rsquo;adresse suivante : <a href=\"mailto:info@bctq.ca\">info@bctq.ca<\/a><\/p>\n\n\n\n<p>Merci de faire confiance au Bureau du cin\u00e9ma et de la t\u00e9l\u00e9vision du Qu\u00e9bec.<\/p>\n","protected":false},"excerpt":{"rendered":"<p>POLITIQUE DE COOKIES DU BUREAU DU CIN\u00c9MA ET DE LA T\u00c9L\u00c9VISION DU QU\u00c9BEC Date d&rsquo;entr\u00e9e en vigueur : 20 mars 2024 Le Bureau du cin\u00e9ma et de la t\u00e9l\u00e9vision du Qu\u00e9bec (BCTQ) utilise des cookies sur son site web afin d&rsquo;am\u00e9liorer l&rsquo;exp\u00e9rience des utilisateurs. Cette politique de cookies explique comment nous utilisons ces technologies et [&hellip;]<\/p>\n","protected":false},"author":689,"featured_media":0,"parent":0,"menu_order":0,"comment_status":"closed","ping_status":"closed","template":"","meta":{"content-type":"","footnotes":""},"class_list":["post-14956","page","type-page","status-publish","hentry"],"yoast_head":"<!-- This site is optimized with the Yoast SEO plugin v27.4 - https:\/\/yoast.com\/product\/yoast-seo-wordpress\/ -->\n<title>Politique de cookies - Bureau du cin\u00e9ma et de la t\u00e9l\u00e9vision du Qu\u00e9bec<\/title>\n<meta name=\"robots\" content=\"index, follow, max-snippet:-1, max-image-preview:large, max-video-preview:-1\" \/>\n<link rel=\"canonical\" href=\"https:\/\/www.bctq.ca\/fr\/politique-de-cookies-2\/\" \/>\n<meta property=\"og:locale\" content=\"fr_FR\" \/>\n<meta property=\"og:type\" content=\"article\" \/>\n<meta property=\"og:title\" content=\"Politique de cookies - Bureau du cin\u00e9ma et de la t\u00e9l\u00e9vision du Qu\u00e9bec\" \/>\n<meta property=\"og:description\" content=\"POLITIQUE DE COOKIES DU BUREAU DU CIN\u00c9MA ET DE LA T\u00c9L\u00c9VISION DU QU\u00c9BEC Date d&rsquo;entr\u00e9e en vigueur : 20 mars 2024 Le Bureau du cin\u00e9ma et de la t\u00e9l\u00e9vision du Qu\u00e9bec (BCTQ) utilise des cookies sur son site web afin d&rsquo;am\u00e9liorer l&rsquo;exp\u00e9rience des utilisateurs. Cette politique de cookies explique comment nous utilisons ces technologies et [&hellip;]\" \/>\n<meta property=\"og:url\" content=\"https:\/\/www.bctq.ca\/fr\/politique-de-cookies-2\/\" \/>\n<meta property=\"og:site_name\" content=\"Bureau du cin\u00e9ma et de la t\u00e9l\u00e9vision du Qu\u00e9bec\" \/>\n<meta property=\"article:publisher\" content=\"https:\/\/www.facebook.com\/bctqqftc\/\" \/>\n<meta property=\"article:modified_time\" content=\"2024-03-27T15:58:40+00:00\" \/>\n<meta property=\"og:image\" content=\"https:\/\/www.bctq.ca\/wp-content\/uploads\/2022\/12\/BCTQ-logonoir-sansmontreal-400.jpg\" \/>\n\t<meta property=\"og:image:width\" content=\"400\" \/>\n\t<meta property=\"og:image:height\" content=\"400\" \/>\n\t<meta property=\"og:image:type\" content=\"image\/jpeg\" \/>\n<meta name=\"twitter:card\" content=\"summary_large_image\" \/>\n<meta name=\"twitter:site\" content=\"@bctq_qftc\" \/>\n<meta name=\"twitter:label1\" content=\"Dur\u00e9e de lecture estim\u00e9e\" \/>\n\t<meta name=\"twitter:data1\" content=\"3 minutes\" \/>\n<script type=\"application\/ld+json\" class=\"yoast-schema-graph\">{\"@context\":\"https:\\\/\\\/schema.org\",\"@graph\":[{\"@type\":\"WebPage\",\"@id\":\"https:\\\/\\\/www.bctq.ca\\\/fr\\\/politique-de-cookies-2\\\/\",\"url\":\"https:\\\/\\\/www.bctq.ca\\\/fr\\\/politique-de-cookies-2\\\/\",\"name\":\"Politique de cookies - Bureau du cin\u00e9ma et de la t\u00e9l\u00e9vision du Qu\u00e9bec\",\"isPartOf\":{\"@id\":\"https:\\\/\\\/www.bctq.ca\\\/#website\"},\"datePublished\":\"2024-03-27T15:58:38+00:00\",\"dateModified\":\"2024-03-27T15:58:40+00:00\",\"breadcrumb\":{\"@id\":\"https:\\\/\\\/www.bctq.ca\\\/fr\\\/politique-de-cookies-2\\\/#breadcrumb\"},\"inLanguage\":\"fr-CA\",\"potentialAction\":[{\"@type\":\"ReadAction\",\"target\":[\"https:\\\/\\\/www.bctq.ca\\\/fr\\\/politique-de-cookies-2\\\/\"]}]},{\"@type\":\"BreadcrumbList\",\"@id\":\"https:\\\/\\\/www.bctq.ca\\\/fr\\\/politique-de-cookies-2\\\/#breadcrumb\",\"itemListElement\":[{\"@type\":\"ListItem\",\"position\":1,\"name\":\"Home\",\"item\":\"https:\\\/\\\/www.bctq.ca\\\/\"},{\"@type\":\"ListItem\",\"position\":2,\"name\":\"Politique de cookies\"}]},{\"@type\":\"WebSite\",\"@id\":\"https:\\\/\\\/www.bctq.ca\\\/#website\",\"url\":\"https:\\\/\\\/www.bctq.ca\\\/\",\"name\":\"Bureau du cin\u00e9ma et de la t\u00e9l\u00e9vision du Qu\u00e9bec\",\"description\":\"Agence de d\u00e9veloppement \u00e9conomique pour l&#039;industrie audiovisuelle du Qu\u00e9bec\",\"publisher\":{\"@id\":\"https:\\\/\\\/www.bctq.ca\\\/#organization\"},\"potentialAction\":[{\"@type\":\"SearchAction\",\"target\":{\"@type\":\"EntryPoint\",\"urlTemplate\":\"https:\\\/\\\/www.bctq.ca\\\/?s={search_term_string}\"},\"query-input\":{\"@type\":\"PropertyValueSpecification\",\"valueRequired\":true,\"valueName\":\"search_term_string\"}}],\"inLanguage\":\"fr-CA\"},{\"@type\":\"Organization\",\"@id\":\"https:\\\/\\\/www.bctq.ca\\\/#organization\",\"name\":\"Bureau du cin\u00e9ma et de la t\u00e9l\u00e9vision du Qu\u00e9bec\",\"url\":\"https:\\\/\\\/www.bctq.ca\\\/\",\"logo\":{\"@type\":\"ImageObject\",\"inLanguage\":\"fr-CA\",\"@id\":\"https:\\\/\\\/www.bctq.ca\\\/#\\\/schema\\\/logo\\\/image\\\/\",\"url\":\"https:\\\/\\\/www.bctq.ca\\\/wp-content\\\/uploads\\\/2022\\\/12\\\/BCTQ-logonoir-sansmontreal-400.jpg\",\"contentUrl\":\"https:\\\/\\\/www.bctq.ca\\\/wp-content\\\/uploads\\\/2022\\\/12\\\/BCTQ-logonoir-sansmontreal-400.jpg\",\"width\":400,\"height\":400,\"caption\":\"Bureau du cin\u00e9ma et de la t\u00e9l\u00e9vision du Qu\u00e9bec\"},\"image\":{\"@id\":\"https:\\\/\\\/www.bctq.ca\\\/#\\\/schema\\\/logo\\\/image\\\/\"},\"sameAs\":[\"https:\\\/\\\/www.facebook.com\\\/bctqqftc\\\/\",\"https:\\\/\\\/x.com\\\/bctq_qftc\",\"https:\\\/\\\/www.linkedin.com\\\/company\\\/3161157\\\/admin\\\/\",\"https:\\\/\\\/www.instagram.com\\\/bctq_qftc\\\/\",\"https:\\\/\\\/www.youtube.com\\\/channel\\\/UCrQAUG1mp6NASTMfs92-iKA\"]}]}<\/script>\n<!-- \/ Yoast SEO plugin. -->","yoast_head_json":{"title":"Politique de cookies - Bureau du cin\u00e9ma et de la t\u00e9l\u00e9vision du Qu\u00e9bec","robots":{"index":"index","follow":"follow","max-snippet":"max-snippet:-1","max-image-preview":"max-image-preview:large","max-video-preview":"max-video-preview:-1"},"canonical":"https:\/\/www.bctq.ca\/fr\/politique-de-cookies-2\/","og_locale":"fr_FR","og_type":"article","og_title":"Politique de cookies - Bureau du cin\u00e9ma et de la t\u00e9l\u00e9vision du Qu\u00e9bec","og_description":"POLITIQUE DE COOKIES DU BUREAU DU CIN\u00c9MA ET DE LA T\u00c9L\u00c9VISION DU QU\u00c9BEC Date d&rsquo;entr\u00e9e en vigueur : 20 mars 2024 Le Bureau du cin\u00e9ma et de la t\u00e9l\u00e9vision du Qu\u00e9bec (BCTQ) utilise des cookies sur son site web afin d&rsquo;am\u00e9liorer l&rsquo;exp\u00e9rience des utilisateurs. Cette politique de cookies explique comment nous utilisons ces technologies et [&hellip;]","og_url":"https:\/\/www.bctq.ca\/fr\/politique-de-cookies-2\/","og_site_name":"Bureau du cin\u00e9ma et de la t\u00e9l\u00e9vision du Qu\u00e9bec","article_publisher":"https:\/\/www.facebook.com\/bctqqftc\/","article_modified_time":"2024-03-27T15:58:40+00:00","og_image":[{"width":400,"height":400,"url":"https:\/\/www.bctq.ca\/wp-content\/uploads\/2022\/12\/BCTQ-logonoir-sansmontreal-400.jpg","type":"image\/jpeg"}],"twitter_card":"summary_large_image","twitter_site":"@bctq_qftc","twitter_misc":{"Dur\u00e9e de lecture estim\u00e9e":"3 minutes"},"schema":{"@context":"https:\/\/schema.org","@graph":[{"@type":"WebPage","@id":"https:\/\/www.bctq.ca\/fr\/politique-de-cookies-2\/","url":"https:\/\/www.bctq.ca\/fr\/politique-de-cookies-2\/","name":"Politique de cookies - Bureau du cin\u00e9ma et de la t\u00e9l\u00e9vision du Qu\u00e9bec","isPartOf":{"@id":"https:\/\/www.bctq.ca\/#website"},"datePublished":"2024-03-27T15:58:38+00:00","dateModified":"2024-03-27T15:58:40+00:00","breadcrumb":{"@id":"https:\/\/www.bctq.ca\/fr\/politique-de-cookies-2\/#breadcrumb"},"inLanguage":"fr-CA","potentialAction":[{"@type":"ReadAction","target":["https:\/\/www.bctq.ca\/fr\/politique-de-cookies-2\/"]}]},{"@type":"BreadcrumbList","@id":"https:\/\/www.bctq.ca\/fr\/politique-de-cookies-2\/#breadcrumb","itemListElement":[{"@type":"ListItem","position":1,"name":"Home","item":"https:\/\/www.bctq.ca\/"},{"@type":"ListItem","position":2,"name":"Politique de cookies"}]},{"@type":"WebSite","@id":"https:\/\/www.bctq.ca\/#website","url":"https:\/\/www.bctq.ca\/","name":"Bureau du cin\u00e9ma et de la t\u00e9l\u00e9vision du Qu\u00e9bec","description":"Agence de d\u00e9veloppement \u00e9conomique pour l&#039;industrie audiovisuelle du Qu\u00e9bec","publisher":{"@id":"https:\/\/www.bctq.ca\/#organization"},"potentialAction":[{"@type":"SearchAction","target":{"@type":"EntryPoint","urlTemplate":"https:\/\/www.bctq.ca\/?s={search_term_string}"},"query-input":{"@type":"PropertyValueSpecification","valueRequired":true,"valueName":"search_term_string"}}],"inLanguage":"fr-CA"},{"@type":"Organization","@id":"https:\/\/www.bctq.ca\/#organization","name":"Bureau du cin\u00e9ma et de la t\u00e9l\u00e9vision du Qu\u00e9bec","url":"https:\/\/www.bctq.ca\/","logo":{"@type":"ImageObject","inLanguage":"fr-CA","@id":"https:\/\/www.bctq.ca\/#\/schema\/logo\/image\/","url":"https:\/\/www.bctq.ca\/wp-content\/uploads\/2022\/12\/BCTQ-logonoir-sansmontreal-400.jpg","contentUrl":"https:\/\/www.bctq.ca\/wp-content\/uploads\/2022\/12\/BCTQ-logonoir-sansmontreal-400.jpg","width":400,"height":400,"caption":"Bureau du cin\u00e9ma et de la t\u00e9l\u00e9vision du Qu\u00e9bec"},"image":{"@id":"https:\/\/www.bctq.ca\/#\/schema\/logo\/image\/"},"sameAs":["https:\/\/www.facebook.com\/bctqqftc\/","https:\/\/x.com\/bctq_qftc","https:\/\/www.linkedin.com\/company\/3161157\/admin\/","https:\/\/www.instagram.com\/bctq_qftc\/","https:\/\/www.youtube.com\/channel\/UCrQAUG1mp6NASTMfs92-iKA"]}]}},"publishpress_future_workflow_manual_trigger":{"enabledWorkflows":[]},"_links":{"self":[{"href":"https:\/\/www.bctq.ca\/fr\/wp-json\/wp\/v2\/pages\/14956","targetHints":{"allow":["GET"]}}],"collection":[{"href":"https:\/\/www.bctq.ca\/fr\/wp-json\/wp\/v2\/pages"}],"about":[{"href":"https:\/\/www.bctq.ca\/fr\/wp-json\/wp\/v2\/types\/page"}],"author":[{"embeddable":true,"href":"https:\/\/www.bctq.ca\/fr\/wp-json\/wp\/v2\/users\/689"}],"replies":[{"embeddable":true,"href":"https:\/\/www.bctq.ca\/fr\/wp-json\/wp\/v2\/comments?post=14956"}],"version-history":[{"count":1,"href":"https:\/\/www.bctq.ca\/fr\/wp-json\/wp\/v2\/pages\/14956\/revisions"}],"predecessor-version":[{"id":14957,"href":"https:\/\/www.bctq.ca\/fr\/wp-json\/wp\/v2\/pages\/14956\/revisions\/14957"}],"wp:attachment":[{"href":"https:\/\/www.bctq.ca\/fr\/wp-json\/wp\/v2\/media?parent=14956"}],"curies":[{"name":"wp","href":"https:\/\/api.w.org\/{rel}","templated":true}]}}