{"id":14982,"date":"2024-03-27T11:14:28","date_gmt":"2024-03-27T16:14:28","guid":{"rendered":"https:\/\/www.bctq.ca\/?page_id=14982"},"modified":"2025-03-26T13:37:39","modified_gmt":"2025-03-26T18:37:39","slug":"politique-de-confidentialite-3","status":"publish","type":"page","link":"https:\/\/www.bctq.ca\/fr\/politique-de-confidentialite-3\/","title":{"rendered":"Politique de confidentialit\u00e9"},"content":{"rendered":"\n<p><strong>POLITIQUE DE CONFIDENTIALIT\u00c9 DU BUREAU DU CIN\u00c9MA ET DE LA T\u00c9L\u00c9VISION DU QU\u00c9BEC<\/strong><\/p>\n\n\n\n<p>Date d&rsquo;entr\u00e9e en vigueur : 25 mars 2024<\/p>\n\n\n\n<p><strong>COLLECTE DES RENSEIGNEMENTS PERSONNELS :<\/strong><\/p>\n\n\n\n<p>Le Bureau du cin\u00e9ma et de la t\u00e9l\u00e9vision du Qu\u00e9bec (BCTQ) s&rsquo;engage \u00e0 prot\u00e9ger la vie priv\u00e9e des individus en collectant des renseignements personnels de mani\u00e8re transparente et s\u00e9curis\u00e9e. Ces informations peuvent inclure le pr\u00e9nom, le nom, l&rsquo;adresse \u00e9lectronique, le num\u00e9ro de t\u00e9l\u00e9phone et d&rsquo;autres donn\u00e9es similaires n\u00e9cessaires \u00e0 nos services.<\/p>\n\n\n\n<p><strong>UTILISATION DES RENSEIGNEMENTS :<\/strong><\/p>\n\n\n\n<p>Les informations collect\u00e9es sont utilis\u00e9es dans le but de fournir des services, des informations pertinentes, des communications et des interactions li\u00e9es \u00e0 l&rsquo;industrie audiovisuelle. Le BCTQ s&rsquo;engage \u00e0 ne pas utiliser ces renseignements \u00e0 des fins autres que celles sp\u00e9cifi\u00e9es au moment de la collecte, sauf autorisation pr\u00e9alable.<\/p>\n\n\n\n<p><strong>PROTECTION DES RENSEIGNEMENTS PERSONNELS :<\/strong><\/p>\n\n\n\n<p>Le BCTQ prend des mesures appropri\u00e9es pour assurer la s\u00e9curit\u00e9 des renseignements personnels collect\u00e9s, y compris l&rsquo;utilisation de protocoles de s\u00e9curit\u00e9, de logiciels de surveillance et de sauvegardes informatiques. L&rsquo;acc\u00e8s \u00e0 ces donn\u00e9es est limit\u00e9 aux employ\u00e9s et aux partenaires du BCTQ qui en ont besoin pour fournir des services ou des informations.<\/p>\n\n\n\n<p><strong>CONSERVATION DES DONN\u00c9ES :<\/strong><\/p>\n\n\n\n<p>Les renseignements personnels sont conserv\u00e9s pendant une p\u00e9riode n\u00e9cessaire \u00e0 la r\u00e9alisation des objectifs pour lesquels ils ont \u00e9t\u00e9 collect\u00e9s. Une fois cette p\u00e9riode \u00e9coul\u00e9e, les informations sont supprim\u00e9es ou anonymis\u00e9es, conform\u00e9ment aux politiques du BCTQ.<\/p>\n\n\n\n<p><strong>PARTAGE DES RENSEIGNEMENTS :<\/strong><\/p>\n\n\n\n<p>Le BCTQ s&rsquo;engage \u00e0 ne pas partager, vendre ou louer des renseignements personnels \u00e0 des tiers sans le consentement explicite de la personne concern\u00e9e, sauf lorsque requis par la loi.<\/p>\n\n\n\n<p><strong>DROIT D&rsquo;ACC\u00c8S ET DE RECTIFICATION :<\/strong><\/p>\n\n\n\n<p>Toute personne a le droit d&rsquo;acc\u00e9der \u00e0 ses renseignements personnels d\u00e9tenus par le BCTQ et de demander des corrections si n\u00e9cessaire.&nbsp;<\/p>\n\n\n\n<p>Conforme \u00e0 la loi 25, Loi modernisant des dispositions l\u00e9gislatives en mati\u00e8re de protection des renseignements personnels, le BCTQ doit d\u00e9signer un repr\u00e9sentant de la protection des renseignements personnels. Le BCTQ a d\u00e9sign\u00e9 St\u00e9phane Cardin, pr\u00e9sident-directeur g\u00e9n\u00e9ral, comme repr\u00e9sentant de la protection des renseignements personnels.<\/p>\n\n\n\n<p>Coordonn\u00e9es \u2013 St\u00e9phane Cardin<\/p>\n\n\n\n<p>Courriel : protection@bctq.ca<\/p>\n\n\n\n<p>Num\u00e9ro de t\u00e9l\u00e9phone : 514 499-7070 (sans frais: 1 866 320-3456)<\/p>\n\n\n\n<p>Pour plus d\u2019informations concernant la loi 25, veuillez, s\u2019il vous pla\u00eet, consulter le site web du gouvernement du Qu\u00e9bec.<\/p>\n\n\n\n<p><strong>MISE \u00c0 JOUR DE LA POLITIQUE :<\/strong><\/p>\n\n\n\n<p>Cette politique de confidentialit\u00e9 peut \u00eatre sujette \u00e0 des modifications. Toute modification sera publi\u00e9e sur notre site Web, et les membres seront inform\u00e9s des changements importants par courriel.<\/p>\n","protected":false},"excerpt":{"rendered":"<p>POLITIQUE DE CONFIDENTIALIT\u00c9 DU BUREAU DU CIN\u00c9MA ET DE LA T\u00c9L\u00c9VISION DU QU\u00c9BEC Date d&rsquo;entr\u00e9e en vigueur : 25 mars 2024 COLLECTE DES RENSEIGNEMENTS PERSONNELS : Le Bureau du cin\u00e9ma et de la t\u00e9l\u00e9vision du Qu\u00e9bec (BCTQ) s&rsquo;engage \u00e0 prot\u00e9ger la vie priv\u00e9e des individus en collectant des renseignements personnels de mani\u00e8re transparente et s\u00e9curis\u00e9e. [&hellip;]<\/p>\n","protected":false},"author":689,"featured_media":0,"parent":0,"menu_order":0,"comment_status":"closed","ping_status":"closed","template":"","meta":{"content-type":"","footnotes":""},"class_list":["post-14982","page","type-page","status-publish","hentry"],"yoast_head":"<!-- This site is optimized with the Yoast SEO plugin v27.4 - https:\/\/yoast.com\/product\/yoast-seo-wordpress\/ -->\n<title>Politique de confidentialit\u00e9 - Bureau du cin\u00e9ma et de la t\u00e9l\u00e9vision du Qu\u00e9bec<\/title>\n<meta name=\"robots\" content=\"index, follow, max-snippet:-1, max-image-preview:large, max-video-preview:-1\" \/>\n<link rel=\"canonical\" href=\"https:\/\/www.bctq.ca\/fr\/politique-de-confidentialite-3\/\" \/>\n<meta property=\"og:locale\" content=\"fr_FR\" \/>\n<meta property=\"og:type\" content=\"article\" \/>\n<meta property=\"og:title\" content=\"Politique de confidentialit\u00e9 - Bureau du cin\u00e9ma et de la t\u00e9l\u00e9vision du Qu\u00e9bec\" \/>\n<meta property=\"og:description\" content=\"POLITIQUE DE CONFIDENTIALIT\u00c9 DU BUREAU DU CIN\u00c9MA ET DE LA T\u00c9L\u00c9VISION DU QU\u00c9BEC Date d&rsquo;entr\u00e9e en vigueur : 25 mars 2024 COLLECTE DES RENSEIGNEMENTS PERSONNELS : Le Bureau du cin\u00e9ma et de la t\u00e9l\u00e9vision du Qu\u00e9bec (BCTQ) s&rsquo;engage \u00e0 prot\u00e9ger la vie priv\u00e9e des individus en collectant des renseignements personnels de mani\u00e8re transparente et s\u00e9curis\u00e9e. [&hellip;]\" \/>\n<meta property=\"og:url\" content=\"https:\/\/www.bctq.ca\/fr\/politique-de-confidentialite-3\/\" \/>\n<meta property=\"og:site_name\" content=\"Bureau du cin\u00e9ma et de la t\u00e9l\u00e9vision du Qu\u00e9bec\" \/>\n<meta property=\"article:publisher\" content=\"https:\/\/www.facebook.com\/bctqqftc\/\" \/>\n<meta property=\"article:modified_time\" content=\"2025-03-26T18:37:39+00:00\" \/>\n<meta property=\"og:image\" content=\"https:\/\/www.bctq.ca\/wp-content\/uploads\/2022\/12\/BCTQ-logonoir-sansmontreal-400.jpg\" \/>\n\t<meta property=\"og:image:width\" content=\"400\" \/>\n\t<meta property=\"og:image:height\" content=\"400\" \/>\n\t<meta property=\"og:image:type\" content=\"image\/jpeg\" \/>\n<meta name=\"twitter:card\" content=\"summary_large_image\" \/>\n<meta name=\"twitter:site\" content=\"@bctq_qftc\" \/>\n<meta name=\"twitter:label1\" content=\"Dur\u00e9e de lecture estim\u00e9e\" \/>\n\t<meta name=\"twitter:data1\" content=\"2 minutes\" \/>\n<script type=\"application\/ld+json\" class=\"yoast-schema-graph\">{\"@context\":\"https:\\\/\\\/schema.org\",\"@graph\":[{\"@type\":\"WebPage\",\"@id\":\"https:\\\/\\\/www.bctq.ca\\\/fr\\\/politique-de-confidentialite-3\\\/\",\"url\":\"https:\\\/\\\/www.bctq.ca\\\/fr\\\/politique-de-confidentialite-3\\\/\",\"name\":\"Politique de confidentialit\u00e9 - Bureau du cin\u00e9ma et de la t\u00e9l\u00e9vision du Qu\u00e9bec\",\"isPartOf\":{\"@id\":\"https:\\\/\\\/www.bctq.ca\\\/#website\"},\"datePublished\":\"2024-03-27T16:14:28+00:00\",\"dateModified\":\"2025-03-26T18:37:39+00:00\",\"breadcrumb\":{\"@id\":\"https:\\\/\\\/www.bctq.ca\\\/fr\\\/politique-de-confidentialite-3\\\/#breadcrumb\"},\"inLanguage\":\"fr-CA\",\"potentialAction\":[{\"@type\":\"ReadAction\",\"target\":[\"https:\\\/\\\/www.bctq.ca\\\/fr\\\/politique-de-confidentialite-3\\\/\"]}]},{\"@type\":\"BreadcrumbList\",\"@id\":\"https:\\\/\\\/www.bctq.ca\\\/fr\\\/politique-de-confidentialite-3\\\/#breadcrumb\",\"itemListElement\":[{\"@type\":\"ListItem\",\"position\":1,\"name\":\"Home\",\"item\":\"https:\\\/\\\/www.bctq.ca\\\/\"},{\"@type\":\"ListItem\",\"position\":2,\"name\":\"Politique de confidentialit\u00e9\"}]},{\"@type\":\"WebSite\",\"@id\":\"https:\\\/\\\/www.bctq.ca\\\/#website\",\"url\":\"https:\\\/\\\/www.bctq.ca\\\/\",\"name\":\"Bureau du cin\u00e9ma et de la t\u00e9l\u00e9vision du Qu\u00e9bec\",\"description\":\"Agence de d\u00e9veloppement \u00e9conomique pour l&#039;industrie audiovisuelle du Qu\u00e9bec\",\"publisher\":{\"@id\":\"https:\\\/\\\/www.bctq.ca\\\/#organization\"},\"potentialAction\":[{\"@type\":\"SearchAction\",\"target\":{\"@type\":\"EntryPoint\",\"urlTemplate\":\"https:\\\/\\\/www.bctq.ca\\\/?s={search_term_string}\"},\"query-input\":{\"@type\":\"PropertyValueSpecification\",\"valueRequired\":true,\"valueName\":\"search_term_string\"}}],\"inLanguage\":\"fr-CA\"},{\"@type\":\"Organization\",\"@id\":\"https:\\\/\\\/www.bctq.ca\\\/#organization\",\"name\":\"Bureau du cin\u00e9ma et de la t\u00e9l\u00e9vision du Qu\u00e9bec\",\"url\":\"https:\\\/\\\/www.bctq.ca\\\/\",\"logo\":{\"@type\":\"ImageObject\",\"inLanguage\":\"fr-CA\",\"@id\":\"https:\\\/\\\/www.bctq.ca\\\/#\\\/schema\\\/logo\\\/image\\\/\",\"url\":\"https:\\\/\\\/www.bctq.ca\\\/wp-content\\\/uploads\\\/2022\\\/12\\\/BCTQ-logonoir-sansmontreal-400.jpg\",\"contentUrl\":\"https:\\\/\\\/www.bctq.ca\\\/wp-content\\\/uploads\\\/2022\\\/12\\\/BCTQ-logonoir-sansmontreal-400.jpg\",\"width\":400,\"height\":400,\"caption\":\"Bureau du cin\u00e9ma et de la t\u00e9l\u00e9vision du Qu\u00e9bec\"},\"image\":{\"@id\":\"https:\\\/\\\/www.bctq.ca\\\/#\\\/schema\\\/logo\\\/image\\\/\"},\"sameAs\":[\"https:\\\/\\\/www.facebook.com\\\/bctqqftc\\\/\",\"https:\\\/\\\/x.com\\\/bctq_qftc\",\"https:\\\/\\\/www.linkedin.com\\\/company\\\/3161157\\\/admin\\\/\",\"https:\\\/\\\/www.instagram.com\\\/bctq_qftc\\\/\",\"https:\\\/\\\/www.youtube.com\\\/channel\\\/UCrQAUG1mp6NASTMfs92-iKA\"]}]}<\/script>\n<!-- \/ Yoast SEO plugin. -->","yoast_head_json":{"title":"Politique de confidentialit\u00e9 - Bureau du cin\u00e9ma et de la t\u00e9l\u00e9vision du Qu\u00e9bec","robots":{"index":"index","follow":"follow","max-snippet":"max-snippet:-1","max-image-preview":"max-image-preview:large","max-video-preview":"max-video-preview:-1"},"canonical":"https:\/\/www.bctq.ca\/fr\/politique-de-confidentialite-3\/","og_locale":"fr_FR","og_type":"article","og_title":"Politique de confidentialit\u00e9 - Bureau du cin\u00e9ma et de la t\u00e9l\u00e9vision du Qu\u00e9bec","og_description":"POLITIQUE DE CONFIDENTIALIT\u00c9 DU BUREAU DU CIN\u00c9MA ET DE LA T\u00c9L\u00c9VISION DU QU\u00c9BEC Date d&rsquo;entr\u00e9e en vigueur : 25 mars 2024 COLLECTE DES RENSEIGNEMENTS PERSONNELS : Le Bureau du cin\u00e9ma et de la t\u00e9l\u00e9vision du Qu\u00e9bec (BCTQ) s&rsquo;engage \u00e0 prot\u00e9ger la vie priv\u00e9e des individus en collectant des renseignements personnels de mani\u00e8re transparente et s\u00e9curis\u00e9e. [&hellip;]","og_url":"https:\/\/www.bctq.ca\/fr\/politique-de-confidentialite-3\/","og_site_name":"Bureau du cin\u00e9ma et de la t\u00e9l\u00e9vision du Qu\u00e9bec","article_publisher":"https:\/\/www.facebook.com\/bctqqftc\/","article_modified_time":"2025-03-26T18:37:39+00:00","og_image":[{"width":400,"height":400,"url":"https:\/\/www.bctq.ca\/wp-content\/uploads\/2022\/12\/BCTQ-logonoir-sansmontreal-400.jpg","type":"image\/jpeg"}],"twitter_card":"summary_large_image","twitter_site":"@bctq_qftc","twitter_misc":{"Dur\u00e9e de lecture estim\u00e9e":"2 minutes"},"schema":{"@context":"https:\/\/schema.org","@graph":[{"@type":"WebPage","@id":"https:\/\/www.bctq.ca\/fr\/politique-de-confidentialite-3\/","url":"https:\/\/www.bctq.ca\/fr\/politique-de-confidentialite-3\/","name":"Politique de confidentialit\u00e9 - Bureau du cin\u00e9ma et de la t\u00e9l\u00e9vision du Qu\u00e9bec","isPartOf":{"@id":"https:\/\/www.bctq.ca\/#website"},"datePublished":"2024-03-27T16:14:28+00:00","dateModified":"2025-03-26T18:37:39+00:00","breadcrumb":{"@id":"https:\/\/www.bctq.ca\/fr\/politique-de-confidentialite-3\/#breadcrumb"},"inLanguage":"fr-CA","potentialAction":[{"@type":"ReadAction","target":["https:\/\/www.bctq.ca\/fr\/politique-de-confidentialite-3\/"]}]},{"@type":"BreadcrumbList","@id":"https:\/\/www.bctq.ca\/fr\/politique-de-confidentialite-3\/#breadcrumb","itemListElement":[{"@type":"ListItem","position":1,"name":"Home","item":"https:\/\/www.bctq.ca\/"},{"@type":"ListItem","position":2,"name":"Politique de confidentialit\u00e9"}]},{"@type":"WebSite","@id":"https:\/\/www.bctq.ca\/#website","url":"https:\/\/www.bctq.ca\/","name":"Bureau du cin\u00e9ma et de la t\u00e9l\u00e9vision du Qu\u00e9bec","description":"Agence de d\u00e9veloppement \u00e9conomique pour l&#039;industrie audiovisuelle du Qu\u00e9bec","publisher":{"@id":"https:\/\/www.bctq.ca\/#organization"},"potentialAction":[{"@type":"SearchAction","target":{"@type":"EntryPoint","urlTemplate":"https:\/\/www.bctq.ca\/?s={search_term_string}"},"query-input":{"@type":"PropertyValueSpecification","valueRequired":true,"valueName":"search_term_string"}}],"inLanguage":"fr-CA"},{"@type":"Organization","@id":"https:\/\/www.bctq.ca\/#organization","name":"Bureau du cin\u00e9ma et de la t\u00e9l\u00e9vision du Qu\u00e9bec","url":"https:\/\/www.bctq.ca\/","logo":{"@type":"ImageObject","inLanguage":"fr-CA","@id":"https:\/\/www.bctq.ca\/#\/schema\/logo\/image\/","url":"https:\/\/www.bctq.ca\/wp-content\/uploads\/2022\/12\/BCTQ-logonoir-sansmontreal-400.jpg","contentUrl":"https:\/\/www.bctq.ca\/wp-content\/uploads\/2022\/12\/BCTQ-logonoir-sansmontreal-400.jpg","width":400,"height":400,"caption":"Bureau du cin\u00e9ma et de la t\u00e9l\u00e9vision du Qu\u00e9bec"},"image":{"@id":"https:\/\/www.bctq.ca\/#\/schema\/logo\/image\/"},"sameAs":["https:\/\/www.facebook.com\/bctqqftc\/","https:\/\/x.com\/bctq_qftc","https:\/\/www.linkedin.com\/company\/3161157\/admin\/","https:\/\/www.instagram.com\/bctq_qftc\/","https:\/\/www.youtube.com\/channel\/UCrQAUG1mp6NASTMfs92-iKA"]}]}},"publishpress_future_workflow_manual_trigger":{"enabledWorkflows":[]},"_links":{"self":[{"href":"https:\/\/www.bctq.ca\/fr\/wp-json\/wp\/v2\/pages\/14982","targetHints":{"allow":["GET"]}}],"collection":[{"href":"https:\/\/www.bctq.ca\/fr\/wp-json\/wp\/v2\/pages"}],"about":[{"href":"https:\/\/www.bctq.ca\/fr\/wp-json\/wp\/v2\/types\/page"}],"author":[{"embeddable":true,"href":"https:\/\/www.bctq.ca\/fr\/wp-json\/wp\/v2\/users\/689"}],"replies":[{"embeddable":true,"href":"https:\/\/www.bctq.ca\/fr\/wp-json\/wp\/v2\/comments?post=14982"}],"version-history":[{"count":2,"href":"https:\/\/www.bctq.ca\/fr\/wp-json\/wp\/v2\/pages\/14982\/revisions"}],"predecessor-version":[{"id":26864,"href":"https:\/\/www.bctq.ca\/fr\/wp-json\/wp\/v2\/pages\/14982\/revisions\/26864"}],"wp:attachment":[{"href":"https:\/\/www.bctq.ca\/fr\/wp-json\/wp\/v2\/media?parent=14982"}],"curies":[{"name":"wp","href":"https:\/\/api.w.org\/{rel}","templated":true}]}}